{"id":3459,"date":"2025-04-14T10:00:35","date_gmt":"2025-04-14T09:00:35","guid":{"rendered":"https:\/\/plitvice-village.hr\/?page_id=3459"},"modified":"2025-04-14T10:16:27","modified_gmt":"2025-04-14T09:16:27","slug":"team-building","status":"publish","type":"page","link":"https:\/\/plitvice-village.hr\/en\/team-building\/","title":{"rendered":"Team building"},"content":{"rendered":"<div data-elementor-type=\"wp-page\" data-elementor-id=\"3459\" class=\"elementor elementor-3459\" data-elementor-post-type=\"page\">\n\t\t\t\t\t\t<section class=\"elementor-section elementor-top-section elementor-element elementor-element-8cd3911 elementor-section-boxed elementor-section-height-default elementor-section-height-default\" data-id=\"8cd3911\" data-element_type=\"section\">\n\t\t\t\t\t\t<div class=\"elementor-container elementor-column-gap-default\">\n\t\t\t\t\t<div class=\"elementor-column elementor-col-100 elementor-top-column elementor-element elementor-element-f0bddb9\" data-id=\"f0bddb9\" data-element_type=\"column\">\n\t\t\t<div class=\"elementor-widget-wrap elementor-element-populated\">\n\t\t\t\t\t\t<div class=\"elementor-element elementor-element-f5aba41 elementor-widget elementor-widget-heading\" data-id=\"f5aba41\" data-element_type=\"widget\" data-widget_type=\"heading.default\">\n\t\t\t\t<div class=\"elementor-widget-container\">\n\t\t\t\t\t<h1 class=\"elementor-heading-title elementor-size-default\">Team building in nature <br>\nthe perfect blend of relaxation and togetherness<\/h1>\t\t\t\t<\/div>\n\t\t\t\t<\/div>\n\t\t\t\t\t<\/div>\n\t\t<\/div>\n\t\t\t\t\t<\/div>\n\t\t<\/section>\n\t\t\t\t<section class=\"elementor-section elementor-top-section elementor-element elementor-element-566be74 elementor-section-boxed elementor-section-height-default elementor-section-height-default\" data-id=\"566be74\" data-element_type=\"section\">\n\t\t\t\t\t\t<div class=\"elementor-container elementor-column-gap-default\">\n\t\t\t\t\t<div class=\"elementor-column elementor-col-100 elementor-top-column elementor-element elementor-element-666abb8\" data-id=\"666abb8\" data-element_type=\"column\">\n\t\t\t<div class=\"elementor-widget-wrap elementor-element-populated\">\n\t\t\t\t\t\t<div class=\"elementor-element elementor-element-b2e3670 elementor-widget elementor-widget-text-editor\" data-id=\"b2e3670\" data-element_type=\"widget\" data-widget_type=\"text-editor.default\">\n\t\t\t\t<div class=\"elementor-widget-container\">\n\t\t\t\t\t\t\t\t\t<p style=\"text-align: center;\">Organize an unforgettable team building for your crew in an idyllic hotel nestled in the heart of nature! Perfect for groups. <strong>up to 50 people<\/strong>, our hotel offers the perfect balance of relaxation, recreation, and team bonding.<\/p>\t\t\t\t\t\t\t\t<\/div>\n\t\t\t\t<\/div>\n\t\t\t\t\t<\/div>\n\t\t<\/div>\n\t\t\t\t\t<\/div>\n\t\t<\/section>\n\t\t\t\t<section class=\"elementor-section elementor-top-section elementor-element elementor-element-186d3a6 elementor-section-boxed elementor-section-height-default elementor-section-height-default\" data-id=\"186d3a6\" data-element_type=\"section\">\n\t\t\t\t\t\t<div class=\"elementor-container elementor-column-gap-default\">\n\t\t\t\t\t<div class=\"elementor-column elementor-col-50 elementor-top-column elementor-element elementor-element-a638e5b\" data-id=\"a638e5b\" data-element_type=\"column\">\n\t\t\t<div class=\"elementor-widget-wrap elementor-element-populated\">\n\t\t\t\t\t\t<div class=\"elementor-element elementor-element-59c3653 elementor-widget elementor-widget-image\" data-id=\"59c3653\" data-element_type=\"widget\" data-widget_type=\"image.default\">\n\t\t\t\t<div class=\"elementor-widget-container\">\n\t\t\t\t\t\t\t\t\t\t\t\t\t\t\t<img fetchpriority=\"high\" decoding=\"async\" width=\"780\" height=\"520\" src=\"https:\/\/plitvice-village.hr\/wp-content\/uploads\/2025\/03\/mini-golf-teren-plitvice-villages-1024x683.jpg\" class=\"attachment-large size-large wp-image-3048\" alt=\"\" srcset=\"https:\/\/plitvice-village.hr\/wp-content\/uploads\/2025\/03\/mini-golf-teren-plitvice-villages-1024x683.jpg 1024w, https:\/\/plitvice-village.hr\/wp-content\/uploads\/2025\/03\/mini-golf-teren-plitvice-villages-300x200.jpg 300w, https:\/\/plitvice-village.hr\/wp-content\/uploads\/2025\/03\/mini-golf-teren-plitvice-villages-768x512.jpg 768w, https:\/\/plitvice-village.hr\/wp-content\/uploads\/2025\/03\/mini-golf-teren-plitvice-villages-1536x1024.jpg 1536w, https:\/\/plitvice-village.hr\/wp-content\/uploads\/2025\/03\/mini-golf-teren-plitvice-villages-2048x1365.jpg 2048w, https:\/\/plitvice-village.hr\/wp-content\/uploads\/2025\/03\/mini-golf-teren-plitvice-villages-18x12.jpg 18w, https:\/\/plitvice-village.hr\/wp-content\/uploads\/2025\/03\/mini-golf-teren-plitvice-villages-1620x1080.jpg 1620w, https:\/\/plitvice-village.hr\/wp-content\/uploads\/2025\/03\/mini-golf-teren-plitvice-villages-450x300.jpg 450w\" sizes=\"(max-width: 780px) 100vw, 780px\" \/>\t\t\t\t\t\t\t\t\t\t\t\t\t\t\t<\/div>\n\t\t\t\t<\/div>\n\t\t\t\t\t<\/div>\n\t\t<\/div>\n\t\t\t\t<div class=\"elementor-column elementor-col-50 elementor-top-column elementor-element elementor-element-73a0322\" data-id=\"73a0322\" data-element_type=\"column\">\n\t\t\t<div class=\"elementor-widget-wrap elementor-element-populated\">\n\t\t\t\t\t\t<section class=\"elementor-section elementor-inner-section elementor-element elementor-element-59018d0 elementor-section-boxed elementor-section-height-default elementor-section-height-default\" data-id=\"59018d0\" data-element_type=\"section\">\n\t\t\t\t\t\t<div class=\"elementor-container elementor-column-gap-default\">\n\t\t\t\t\t<div class=\"elementor-column elementor-col-100 elementor-inner-column elementor-element elementor-element-9ca8965\" data-id=\"9ca8965\" data-element_type=\"column\" data-settings=\"{&quot;background_background&quot;:&quot;classic&quot;}\">\n\t\t\t<div class=\"elementor-widget-wrap elementor-element-populated\">\n\t\t\t\t\t\t<div class=\"elementor-element elementor-element-b1ff39f elementor-widget elementor-widget-text-editor\" data-id=\"b1ff39f\" data-element_type=\"widget\" data-widget_type=\"text-editor.default\">\n\t\t\t\t<div class=\"elementor-widget-container\">\n\t\t\t\t\t\t\t\t\t<p>A variety of activities and amenities are available to strengthen team cohesion and inspire positive energy among participants.<\/p><p class=\"translation-block\"><strong><a href=\"https:\/\/plitvice-village.hr\/en\/multisport-teren\/\" target=\"_self\" role=\"link\">Multisport court<\/a><\/strong> \u2013 try your hand at football, basketball, volleyball and other team sports  <br>\n<strong><a href=\"https:\/\/plitvice-village.hr\/en\/mini-golf\/\" target=\"_self\" role=\"link\">Mini golf<\/a><\/strong> \u2013 a fun and relaxing activity for all ages  <br>\n<strong><a href=\"https:\/\/plitvice-village.hr\/en\/restaurant-in-the-hotel\/\" target=\"_self\" role=\"link\">Restaurant with traditional cuisine<\/a><\/strong> \u2013 enjoy delicious meals made from local ingredients  <br>\n<strong><a href=\"https:\/\/plitvice-village.hr\/en\/brdski-bicikli\/\" target=\"_self\" role=\"link\">Mountain bikes<\/a><\/strong> \u2013 explore the nature and nearby trails on two wheels  <br>\n<strong><a href=\"https:\/\/plitvice-village.hr\/en\/edukativna-planinarska-staza\/\" target=\"_self\" role=\"link\">Educational hiking trails<\/a><\/strong> \u2013 guided tours that combine recreation with learning about local flora, fauna, and history<\/p>\t\t\t\t\t\t\t\t<\/div>\n\t\t\t\t<\/div>\n\t\t\t\t\t<\/div>\n\t\t<\/div>\n\t\t\t\t\t<\/div>\n\t\t<\/section>\n\t\t\t\t\t<\/div>\n\t\t<\/div>\n\t\t\t\t\t<\/div>\n\t\t<\/section>\n\t\t\t\t<section class=\"elementor-section elementor-top-section elementor-element elementor-element-5db4a28 elementor-section-boxed elementor-section-height-default elementor-section-height-default\" data-id=\"5db4a28\" data-element_type=\"section\">\n\t\t\t\t\t\t<div class=\"elementor-container elementor-column-gap-default\">\n\t\t\t\t\t<div class=\"elementor-column elementor-col-50 elementor-top-column elementor-element elementor-element-52bf45a\" data-id=\"52bf45a\" data-element_type=\"column\">\n\t\t\t<div class=\"elementor-widget-wrap elementor-element-populated\">\n\t\t\t\t\t\t<section class=\"elementor-section elementor-inner-section elementor-element elementor-element-c495a6c elementor-section-boxed elementor-section-height-default elementor-section-height-default\" data-id=\"c495a6c\" data-element_type=\"section\">\n\t\t\t\t\t\t<div class=\"elementor-container elementor-column-gap-default\">\n\t\t\t\t\t<div class=\"elementor-column elementor-col-100 elementor-inner-column elementor-element elementor-element-fe66b9e\" data-id=\"fe66b9e\" data-element_type=\"column\" data-settings=\"{&quot;background_background&quot;:&quot;classic&quot;}\">\n\t\t\t<div class=\"elementor-widget-wrap elementor-element-populated\">\n\t\t\t\t\t\t<div class=\"elementor-element elementor-element-725732e elementor-widget elementor-widget-text-editor\" data-id=\"725732e\" data-element_type=\"widget\" data-widget_type=\"text-editor.default\">\n\t\t\t\t<div class=\"elementor-widget-container\">\n\t\t\t\t\t\t\t\t\t<p>In addition to sports and recreational facilities, the hotel offers spaces for workshops, presentations, and interactive team games, encouraging communication and collaboration within the group.<\/p><p>Our expert team will help you create a program tailored to your goals and needs \u2013 whether you want to motivate employees, celebrate achievements, or simply spend quality time together in a natural setting.<\/p><p><strong>Energize your team \u2013 book your team building experience today!<\/strong><\/p>\t\t\t\t\t\t\t\t<\/div>\n\t\t\t\t<\/div>\n\t\t\t\t\t<\/div>\n\t\t<\/div>\n\t\t\t\t\t<\/div>\n\t\t<\/section>\n\t\t\t\t\t<\/div>\n\t\t<\/div>\n\t\t\t\t<div class=\"elementor-column elementor-col-50 elementor-top-column elementor-element elementor-element-5be9d2b\" data-id=\"5be9d2b\" data-element_type=\"column\">\n\t\t\t<div class=\"elementor-widget-wrap elementor-element-populated\">\n\t\t\t\t\t\t<div class=\"elementor-element elementor-element-50e506b elementor-widget elementor-widget-image\" data-id=\"50e506b\" data-element_type=\"widget\" data-widget_type=\"image.default\">\n\t\t\t\t<div class=\"elementor-widget-container\">\n\t\t\t\t\t\t\t\t\t\t\t\t\t\t\t<img decoding=\"async\" width=\"780\" height=\"520\" src=\"https:\/\/plitvice-village.hr\/wp-content\/uploads\/2025\/03\/brdski-bicikli-1024x683.jpg\" class=\"attachment-large size-large wp-image-3054\" alt=\"\" srcset=\"https:\/\/plitvice-village.hr\/wp-content\/uploads\/2025\/03\/brdski-bicikli-1024x683.jpg 1024w, https:\/\/plitvice-village.hr\/wp-content\/uploads\/2025\/03\/brdski-bicikli-300x200.jpg 300w, https:\/\/plitvice-village.hr\/wp-content\/uploads\/2025\/03\/brdski-bicikli-768x512.jpg 768w, https:\/\/plitvice-village.hr\/wp-content\/uploads\/2025\/03\/brdski-bicikli-1536x1024.jpg 1536w, https:\/\/plitvice-village.hr\/wp-content\/uploads\/2025\/03\/brdski-bicikli-2048x1365.jpg 2048w, https:\/\/plitvice-village.hr\/wp-content\/uploads\/2025\/03\/brdski-bicikli-18x12.jpg 18w, https:\/\/plitvice-village.hr\/wp-content\/uploads\/2025\/03\/brdski-bicikli-1620x1080.jpg 1620w, https:\/\/plitvice-village.hr\/wp-content\/uploads\/2025\/03\/brdski-bicikli-450x300.jpg 450w\" sizes=\"(max-width: 780px) 100vw, 780px\" \/>\t\t\t\t\t\t\t\t\t\t\t\t\t\t\t<\/div>\n\t\t\t\t<\/div>\n\t\t\t\t\t<\/div>\n\t\t<\/div>\n\t\t\t\t\t<\/div>\n\t\t<\/section>\n\t\t\t\t<section class=\"elementor-section elementor-top-section elementor-element elementor-element-dff680b elementor-section-boxed elementor-section-height-default elementor-section-height-default\" data-id=\"dff680b\" data-element_type=\"section\">\n\t\t\t\t\t\t<div class=\"elementor-container elementor-column-gap-default\">\n\t\t\t\t\t<div class=\"elementor-column elementor-col-100 elementor-top-column elementor-element elementor-element-b741f65\" data-id=\"b741f65\" data-element_type=\"column\">\n\t\t\t<div class=\"elementor-widget-wrap elementor-element-populated\">\n\t\t\t\t\t\t<div class=\"elementor-element elementor-element-19ced8e elementor-cta--skin-classic elementor-animated-content elementor-bg-transform elementor-bg-transform-zoom-in elementor-widget elementor-widget-call-to-action\" data-id=\"19ced8e\" data-element_type=\"widget\" data-widget_type=\"call-to-action.default\">\n\t\t\t\t<div class=\"elementor-widget-container\">\n\t\t\t\t\t\t\t<div class=\"elementor-cta\">\n\t\t\t\t\t\t\t<div class=\"elementor-cta__content\">\n\t\t\t\t\n\t\t\t\t\t\t\t\t\t<h2 class=\"elementor-cta__title elementor-cta__content-item elementor-content-item\">\n\t\t\t\t\t\tCONTACT US\t\t\t\t\t<\/h2>\n\t\t\t\t\n\t\t\t\t\t\t\t\t\t<div class=\"elementor-cta__description elementor-cta__content-item elementor-content-item translation-block\">Feel free to contact us with any questions regarding your<br>\nteam building options.\n<br>\n<br><\/div>\n\t\t\t\t\n\t\t\t\t\t\t\t\t\t<div class=\"elementor-cta__button-wrapper elementor-cta__content-item elementor-content-item\">\n\t\t\t\t\t<a class=\"elementor-cta__button elementor-button elementor-size-\" href=\"https:\/\/plitvice-village.hr\/en\/contact\/\">\n\t\t\t\t\t\tCONTACT\t\t\t\t\t<\/a>\n\t\t\t\t\t<\/div>\n\t\t\t\t\t\t\t<\/div>\n\t\t\t\t\t\t<\/div>\n\t\t\t\t\t\t<\/div>\n\t\t\t\t<\/div>\n\t\t\t\t\t<\/div>\n\t\t<\/div>\n\t\t\t\t\t<\/div>\n\t\t<\/section>\n\t\t\t\t<\/div>","protected":false},"excerpt":{"rendered":"<p>Team building u prirodi savr\u0161en spoj odmora i zajedni\u0161tva Organizirajte nezaboravan team building za va\u0161u ekipu u idili\u010dnom hotelu smje\u0161tenom u srcu prirode! Idealno za grupe do 50 osoba, na\u0161 hotel nudi savr\u0161en balans izme\u0111u opu\u0161tanja, rekreacije i timskog povezivanja. Na raspolaganju su vam brojne aktivnosti i sadr\u017eaji koji \u0107e osna\u017eiti timsku koheziju i potaknuti [&hellip;]<\/p>","protected":false},"author":4,"featured_media":0,"parent":0,"menu_order":1,"comment_status":"closed","ping_status":"closed","template":"elementor_header_footer","meta":{"_acf_changed":false,"tpgb_global_settings":"","inline_featured_image":false,"footnotes":""},"class_list":["post-3459","page","type-page","status-publish","hentry"],"acf":[],"yoast_head":"<!-- This site is optimized with the Yoast SEO Premium plugin v24.7 (Yoast SEO v26.4) - https:\/\/yoast.com\/wordpress\/plugins\/seo\/ -->\n<title>Team building u prirodi \u2013 savr\u0161en spoj odmora i zajedni\u0161tva<\/title>\n<meta name=\"description\" content=\"Organizirajte nezaboravan team building za va\u0161u ekipu u idili\u010dnom hotelu smje\u0161tenom u srcu prirode! Idealno za grupe do 50 osoba.\" \/>\n<meta name=\"robots\" content=\"index, follow, max-snippet:-1, max-image-preview:large, max-video-preview:-1\" \/>\n<link rel=\"canonical\" href=\"https:\/\/plitvice-village.hr\/en\/team-building\/\" \/>\n<meta property=\"og:locale\" content=\"en_US\" \/>\n<meta property=\"og:type\" content=\"article\" \/>\n<meta property=\"og:title\" content=\"Team building\" \/>\n<meta property=\"og:description\" content=\"Organizirajte nezaboravan team building za va\u0161u ekipu u idili\u010dnom hotelu smje\u0161tenom u srcu prirode! Idealno za grupe do 50 osoba.\" \/>\n<meta property=\"og:url\" content=\"https:\/\/plitvice-village.hr\/en\/team-building\/\" \/>\n<meta property=\"og:site_name\" content=\"Integralni hotel Plitvice Village\" \/>\n<meta property=\"article:publisher\" content=\"https:\/\/www.facebook.com\/Plitvice-Village-111103528060638\/\" \/>\n<meta property=\"article:modified_time\" content=\"2025-04-14T09:16:27+00:00\" \/>\n<meta property=\"og:image\" content=\"https:\/\/plitvice-village.hr\/wp-content\/uploads\/2025\/03\/mini-golf-teren-plitvice-villages-scaled.jpg\" \/>\n\t<meta property=\"og:image:width\" content=\"2560\" \/>\n\t<meta property=\"og:image:height\" content=\"1707\" \/>\n\t<meta property=\"og:image:type\" content=\"image\/jpeg\" \/>\n<meta name=\"twitter:card\" content=\"summary_large_image\" \/>\n<meta name=\"twitter:label1\" content=\"Est. reading time\" \/>\n\t<meta name=\"twitter:data1\" content=\"2 minutes\" \/>\n<script type=\"application\/ld+json\" class=\"yoast-schema-graph\">{\"@context\":\"https:\/\/schema.org\",\"@graph\":[{\"@type\":\"WebPage\",\"@id\":\"https:\/\/plitvice-village.hr\/team-building\/\",\"url\":\"https:\/\/plitvice-village.hr\/team-building\/\",\"name\":\"Team building u prirodi \u2013 savr\u0161en spoj odmora i zajedni\u0161tva\",\"isPartOf\":{\"@id\":\"https:\/\/plitvice-village.hr\/#website\"},\"primaryImageOfPage\":{\"@id\":\"https:\/\/plitvice-village.hr\/team-building\/#primaryimage\"},\"image\":{\"@id\":\"https:\/\/plitvice-village.hr\/team-building\/#primaryimage\"},\"thumbnailUrl\":\"https:\/\/plitvice-village.hr\/wp-content\/uploads\/2025\/03\/mini-golf-teren-plitvice-villages-1024x683.jpg\",\"datePublished\":\"2025-04-14T09:00:35+00:00\",\"dateModified\":\"2025-04-14T09:16:27+00:00\",\"description\":\"Organizirajte nezaboravan team building za va\u0161u ekipu u idili\u010dnom hotelu smje\u0161tenom u srcu prirode! Idealno za grupe do 50 osoba.\",\"breadcrumb\":{\"@id\":\"https:\/\/plitvice-village.hr\/team-building\/#breadcrumb\"},\"inLanguage\":\"en-US\",\"potentialAction\":[{\"@type\":\"ReadAction\",\"target\":[\"https:\/\/plitvice-village.hr\/team-building\/\"]}]},{\"@type\":\"ImageObject\",\"inLanguage\":\"en-US\",\"@id\":\"https:\/\/plitvice-village.hr\/team-building\/#primaryimage\",\"url\":\"https:\/\/plitvice-village.hr\/wp-content\/uploads\/2025\/03\/mini-golf-teren-plitvice-villages-1024x683.jpg\",\"contentUrl\":\"https:\/\/plitvice-village.hr\/wp-content\/uploads\/2025\/03\/mini-golf-teren-plitvice-villages-1024x683.jpg\"},{\"@type\":\"BreadcrumbList\",\"@id\":\"https:\/\/plitvice-village.hr\/team-building\/#breadcrumb\",\"itemListElement\":[{\"@type\":\"ListItem\",\"position\":1,\"name\":\"Po\u010detna stranica\",\"item\":\"https:\/\/plitvice-village.hr\/\"},{\"@type\":\"ListItem\",\"position\":2,\"name\":\"Team building\"}]},{\"@type\":\"WebSite\",\"@id\":\"https:\/\/plitvice-village.hr\/#website\",\"url\":\"https:\/\/plitvice-village.hr\/\",\"name\":\"Integralni hotel Plitvice Village\",\"description\":\"Prepusti se zelenilu\",\"publisher\":{\"@id\":\"https:\/\/plitvice-village.hr\/#organization\"},\"potentialAction\":[{\"@type\":\"SearchAction\",\"target\":{\"@type\":\"EntryPoint\",\"urlTemplate\":\"https:\/\/plitvice-village.hr\/?s={search_term_string}\"},\"query-input\":{\"@type\":\"PropertyValueSpecification\",\"valueRequired\":true,\"valueName\":\"search_term_string\"}}],\"inLanguage\":\"en-US\"},{\"@type\":\"Organization\",\"@id\":\"https:\/\/plitvice-village.hr\/#organization\",\"name\":\"Plitvice Village\",\"url\":\"https:\/\/plitvice-village.hr\/\",\"logo\":{\"@type\":\"ImageObject\",\"inLanguage\":\"en-US\",\"@id\":\"https:\/\/plitvice-village.hr\/#\/schema\/logo\/image\/\",\"url\":\"https:\/\/plitvice-village.hr\/wp-content\/uploads\/2022\/02\/Untitled-1.png\",\"contentUrl\":\"https:\/\/plitvice-village.hr\/wp-content\/uploads\/2022\/02\/Untitled-1.png\",\"width\":400,\"height\":133,\"caption\":\"Plitvice Village\"},\"image\":{\"@id\":\"https:\/\/plitvice-village.hr\/#\/schema\/logo\/image\/\"},\"sameAs\":[\"https:\/\/www.facebook.com\/Plitvice-Village-111103528060638\/\",\"https:\/\/www.instagram.com\/plitvicevillage\/\"]}]}<\/script>\n<!-- \/ Yoast SEO Premium plugin. -->","yoast_head_json":{"title":"Team building u prirodi \u2013 savr\u0161en spoj odmora i zajedni\u0161tva","description":"Organizirajte nezaboravan team building za va\u0161u ekipu u idili\u010dnom hotelu smje\u0161tenom u srcu prirode! Idealno za grupe do 50 osoba.","robots":{"index":"index","follow":"follow","max-snippet":"max-snippet:-1","max-image-preview":"max-image-preview:large","max-video-preview":"max-video-preview:-1"},"canonical":"https:\/\/plitvice-village.hr\/en\/team-building\/","og_locale":"en_US","og_type":"article","og_title":"Team building","og_description":"Organizirajte nezaboravan team building za va\u0161u ekipu u idili\u010dnom hotelu smje\u0161tenom u srcu prirode! Idealno za grupe do 50 osoba.","og_url":"https:\/\/plitvice-village.hr\/en\/team-building\/","og_site_name":"Integralni hotel Plitvice Village","article_publisher":"https:\/\/www.facebook.com\/Plitvice-Village-111103528060638\/","article_modified_time":"2025-04-14T09:16:27+00:00","og_image":[{"width":2560,"height":1707,"url":"https:\/\/plitvice-village.hr\/wp-content\/uploads\/2025\/03\/mini-golf-teren-plitvice-villages-scaled.jpg","type":"image\/jpeg"}],"twitter_card":"summary_large_image","twitter_misc":{"Est. reading time":"2 minutes"},"schema":{"@context":"https:\/\/schema.org","@graph":[{"@type":"WebPage","@id":"https:\/\/plitvice-village.hr\/team-building\/","url":"https:\/\/plitvice-village.hr\/team-building\/","name":"Team building u prirodi \u2013 savr\u0161en spoj odmora i zajedni\u0161tva","isPartOf":{"@id":"https:\/\/plitvice-village.hr\/#website"},"primaryImageOfPage":{"@id":"https:\/\/plitvice-village.hr\/team-building\/#primaryimage"},"image":{"@id":"https:\/\/plitvice-village.hr\/team-building\/#primaryimage"},"thumbnailUrl":"https:\/\/plitvice-village.hr\/wp-content\/uploads\/2025\/03\/mini-golf-teren-plitvice-villages-1024x683.jpg","datePublished":"2025-04-14T09:00:35+00:00","dateModified":"2025-04-14T09:16:27+00:00","description":"Organizirajte nezaboravan team building za va\u0161u ekipu u idili\u010dnom hotelu smje\u0161tenom u srcu prirode! Idealno za grupe do 50 osoba.","breadcrumb":{"@id":"https:\/\/plitvice-village.hr\/team-building\/#breadcrumb"},"inLanguage":"en-US","potentialAction":[{"@type":"ReadAction","target":["https:\/\/plitvice-village.hr\/team-building\/"]}]},{"@type":"ImageObject","inLanguage":"en-US","@id":"https:\/\/plitvice-village.hr\/team-building\/#primaryimage","url":"https:\/\/plitvice-village.hr\/wp-content\/uploads\/2025\/03\/mini-golf-teren-plitvice-villages-1024x683.jpg","contentUrl":"https:\/\/plitvice-village.hr\/wp-content\/uploads\/2025\/03\/mini-golf-teren-plitvice-villages-1024x683.jpg"},{"@type":"BreadcrumbList","@id":"https:\/\/plitvice-village.hr\/team-building\/#breadcrumb","itemListElement":[{"@type":"ListItem","position":1,"name":"Po\u010detna stranica","item":"https:\/\/plitvice-village.hr\/"},{"@type":"ListItem","position":2,"name":"Team building"}]},{"@type":"WebSite","@id":"https:\/\/plitvice-village.hr\/#website","url":"https:\/\/plitvice-village.hr\/","name":"Integralni hotel Plitvice Village","description":"Prepusti se zelenilu","publisher":{"@id":"https:\/\/plitvice-village.hr\/#organization"},"potentialAction":[{"@type":"SearchAction","target":{"@type":"EntryPoint","urlTemplate":"https:\/\/plitvice-village.hr\/?s={search_term_string}"},"query-input":{"@type":"PropertyValueSpecification","valueRequired":true,"valueName":"search_term_string"}}],"inLanguage":"en-US"},{"@type":"Organization","@id":"https:\/\/plitvice-village.hr\/#organization","name":"Plitvice Village","url":"https:\/\/plitvice-village.hr\/","logo":{"@type":"ImageObject","inLanguage":"en-US","@id":"https:\/\/plitvice-village.hr\/#\/schema\/logo\/image\/","url":"https:\/\/plitvice-village.hr\/wp-content\/uploads\/2022\/02\/Untitled-1.png","contentUrl":"https:\/\/plitvice-village.hr\/wp-content\/uploads\/2022\/02\/Untitled-1.png","width":400,"height":133,"caption":"Plitvice Village"},"image":{"@id":"https:\/\/plitvice-village.hr\/#\/schema\/logo\/image\/"},"sameAs":["https:\/\/www.facebook.com\/Plitvice-Village-111103528060638\/","https:\/\/www.instagram.com\/plitvicevillage\/"]}]}},"tpgb_featured_images":null,"tpgb_post_meta_info":{"get_date":"April 14, 2025","get_modified_date":"April 14, 2025","author_name":"Plitvice Village","author_url":"https:\/\/plitvice-village.hr\/en\/author\/anja\/","author_email":"anja@kae.hr","author_website":"","author_description":"","author_facebook":"","author_twitter":"","author_instagram":"","author_role":["administrator"],"author_firstname":"Plitvice Village","author_lastname":"","user_login":"Anja","author_avatar":"<img alt='' src='https:\/\/secure.gravatar.com\/avatar\/378a8902b7ee1aed0062efb1177b2b66fbdff3fd710ee9e1da0e1dc4765c6fc2?s=200&#038;d=mm&#038;r=g' srcset='https:\/\/secure.gravatar.com\/avatar\/378a8902b7ee1aed0062efb1177b2b66fbdff3fd710ee9e1da0e1dc4765c6fc2?s=400&#038;d=mm&#038;r=g 2x' class='avatar avatar-200 photo' height='200' width='200' decoding='async'\/>","author_avatar_url":"https:\/\/secure.gravatar.com\/avatar\/378a8902b7ee1aed0062efb1177b2b66fbdff3fd710ee9e1da0e1dc4765c6fc2?s=96&d=mm&r=g","comment_count":0,"post_likes":0,"post_views":0},"tpgb_post_category":[],"_links":{"self":[{"href":"https:\/\/plitvice-village.hr\/en\/wp-json\/wp\/v2\/pages\/3459","targetHints":{"allow":["GET"]}}],"collection":[{"href":"https:\/\/plitvice-village.hr\/en\/wp-json\/wp\/v2\/pages"}],"about":[{"href":"https:\/\/plitvice-village.hr\/en\/wp-json\/wp\/v2\/types\/page"}],"author":[{"embeddable":true,"href":"https:\/\/plitvice-village.hr\/en\/wp-json\/wp\/v2\/users\/4"}],"replies":[{"embeddable":true,"href":"https:\/\/plitvice-village.hr\/en\/wp-json\/wp\/v2\/comments?post=3459"}],"version-history":[{"count":8,"href":"https:\/\/plitvice-village.hr\/en\/wp-json\/wp\/v2\/pages\/3459\/revisions"}],"predecessor-version":[{"id":3468,"href":"https:\/\/plitvice-village.hr\/en\/wp-json\/wp\/v2\/pages\/3459\/revisions\/3468"}],"wp:attachment":[{"href":"https:\/\/plitvice-village.hr\/en\/wp-json\/wp\/v2\/media?parent=3459"}],"curies":[{"name":"wp","href":"https:\/\/api.w.org\/{rel}","templated":true}]}}