{"id":2107,"date":"2022-03-11T12:46:30","date_gmt":"2022-03-11T11:46:30","guid":{"rendered":"https:\/\/plitvice-village.hr\/?page_id=2107"},"modified":"2024-05-04T07:45:57","modified_gmt":"2024-05-04T06:45:57","slug":"opci-uvjeti-rezervacije-smjestaja-i-naplate","status":"publish","type":"page","link":"https:\/\/plitvice-village.hr\/en\/opci-uvjeti-rezervacije-smjestaja-i-naplate\/","title":{"rendered":"General conditions of accommodation reservation and payment"},"content":{"rendered":"<div data-elementor-type=\"wp-page\" data-elementor-id=\"2107\" class=\"elementor elementor-2107\" data-elementor-post-type=\"page\">\n\t\t\t\t\t\t<section class=\"elementor-section elementor-top-section elementor-element elementor-element-49c439c9 elementor-section-boxed elementor-section-height-default elementor-section-height-default\" data-id=\"49c439c9\" data-element_type=\"section\">\n\t\t\t\t\t\t<div class=\"elementor-container elementor-column-gap-default\">\n\t\t\t\t\t<div class=\"elementor-column elementor-col-100 elementor-top-column elementor-element elementor-element-2a24b458\" data-id=\"2a24b458\" data-element_type=\"column\">\n\t\t\t<div class=\"elementor-widget-wrap elementor-element-populated\">\n\t\t\t\t\t\t<div class=\"elementor-element elementor-element-804f3b4 elementor-widget elementor-widget-text-editor\" data-id=\"804f3b4\" data-element_type=\"widget\" data-widget_type=\"text-editor.default\">\n\t\t\t\t<div class=\"elementor-widget-container\">\n\t\t\t\t\t\t\t\t\t<p>Ovi op\u0107i uvjeti rezervacije smje\u0161taja u <strong>Integral hotel Plitvice Village <\/strong>(hereinafter: Hotel) and charges (hereinafter: General Terms) are an integral part of the contract for the provision of accommodation services concluded with Izbor-Jandri\u0107 d.o.o. by booking accommodation in <strong>Integral hotel Plitvice Village <\/strong>in Korenica, Republic of Croatia, and the guest accepts them in full by booking accommodation.<\/p><p><strong>THE ACCOMMODATION RESERVATION<br \/><\/strong>Accommodation at the Hotel can be booked on our website <a href=\"https:\/\/plitvice-village.hr\/en\">plitvice-village<\/a>, by phone, e-mail and in person at the reception.<\/p><p><strong>ACCOMMODATION CATEGORIZATION<br \/><\/strong>The offered accommodation units are described according to the official categorization of the competent institution. Standards of accommodation, food and other services in some places and countries are different and not comparable. Izbor-Jandri\u0107 d.o.o. does not take responsibility for oral or written information that is not in accordance with the description of the accommodation in the data published by Izbor-Jandri\u0107 d.o.o .. Izbor-Jandri\u0107 d.o.o. not responsible in case of inaccurate data by third parties.<\/p><p><strong>RESERVATION GUARANTEE TERMS<br \/><\/strong>When making a reservation through our website, the guest guarantees the reservation by credit card or by paying an advance to the account Izbor-Jandri\u0107 d.o.o. in the full amount of the reservation. Guest data and guest credit card data are fully protected. Data transfer takes place via a secure server.<\/p><p>The listed prices are for information only and the hotel reserves the right to change prices. The change of reservation is made directly with the Hotel only in writing via e-mail communication.<\/p><p>If the offer defines that a credit card is required for the purpose of the guarantee, payment is made according to the valid price list in HRK at the hotel reception at the latest upon check-out, except in case of non-arrival or cancellation within the period when cancellation fees apply. , when a credit card is used as a means of paying cancellation fees. If it is paid in foreign currency, the conversion into kuna is performed at the middle exchange rate of the Croatian National Bank on the day of collection.<\/p><p>Payment at the hotel, when enabled by the offer, is possible in cash or by credit and debit cards Visa, Maestro, Mastercard, Diners and American Express. If the offer defines that a credit card is required for the purpose of payment, the full amount of all reserved services will be charged within the deadlines defined by the offer. If it is paid in foreign currency, the conversion into kuna is performed at the middle exchange rate of the Croatian National Bank on the day of collection.<\/p><p><strong>RESERVATION CANCELLATION<br \/><\/strong>The guest's reservation from the day of receipt with a valid credit \/ debit card is valid if the offer defines that they are required for the purpose of the guarantee, or from the date of payment of the credit \/ debit card if the offer defines that payment is required for the purpose of booking confirmation and is kept until 24:00 on the day of arrival at the hotel.<\/p><p>The reservation can be canceled in writing, by e-mail within the deadline defined by the offer. Izbor-Jandri\u0107 d.o.o reserves the right to keep the amount defined by the offer for booking costs in case of late cancellation or non-arrival.<\/p><p><strong>TYPES OF PRICES<br \/><\/strong>When booking, the guest can choose between all valid and published prices. Prices depend on the type of accommodation unit, date of stay, length of stay, number of guests, terms of payment and cancellation and additional services. In addition to the basic bed and breakfast service, the hotel offers special offers in the form of a package of services according to a special promotional price list. Special offers cannot be combined with other promotions, or other discounts.<\/p><p><strong>PRICE OF SERVICE<br \/><\/strong>The valid price of the service is stated in the offer received via e-mail. Contracted services may not be combined with other promotional offers or packages, unless otherwise agreed. In case of any changes or deviations from the reserved services, regular prices will be charged. Refunds are not possible for services that guests have not used. All types of special services that are not included in the price are paid by the guest and he is obliged to pay for them when making a reservation or on request on the spot. Prices in euros are informative, and the kuna equivalent is calculated at the middle exchange rate of the Croatian National Bank on the day of payment. We reserve the right to refuse, cancel or change a reservation if there has been an abuse of the reservation system or it was made by an obvious mistake of the user.<\/p><p><strong>ARRIVAL DEPARTURE<br \/><\/strong>Accommodation is available for guests from 3 pm on the day of arrival. Guest accommodation should be vacated by 11 a.m. on the day of departure, unless a late check-out is arranged. Late check-in surcharge is 50% of the price of the night on the requested date.<\/p><p><strong>FEES<br \/><\/strong>Tourist tax is not included in the price.<\/p><p>Sojourn tax is:<\/p><ul><li>1.40 EUR per person per day from 01.04. to 30.09. and EUR 1.00 per person per day for the rest of the year. Children up to 12 years of age are exempt from paying the sojourn tax while children from 12 to 18 years of age pay 50% of the price of the sojourn tax. Fees are subject to change in accordance with laws and other applicable regulations and the guest undertakes, in the event of a change, to bear the possible increase in the fee.<\/li><\/ul><p><strong>\u00a0<\/strong><\/p><p><strong>CONFIRMATION OF RESERVATION AND TRAVEL DOCUMENTS<br \/><\/strong>Guests are required to have valid ID or travel documents. Invalid documents result in withdrawal from the accommodation, and if due to such omission of the guest Izbor-Jandri\u0107 d.o.o would suffer additional damage, the guest is obliged to compensate it. If during the accommodation in the Hotel or in the arrival or departure there is a loss, damage or theft of travel documents, the cost of issuing new documents is borne by the guest. Izbor-Jandri\u0107 d.o.o is not responsible for decisions of customs and police and other state bodies which do not allow the guest to enter the Republic of Croatia or leave the Republic of Croatia.<\/p><p><strong>ACCOMMODATION IN THE HOTEL<br \/><\/strong>The schedule of guests by accommodation units is determined by the Hotel. The guest accepts any officially registered accommodation unit within the booked type of accommodation unit. The hotel is not able to confirm the number of accommodation units before the check-in.<\/p><p><strong>FOREIGN EXCHANGE AND CUSTOMS REGULATIONS<br \/><\/strong>Guests are required to comply with applicable foreign exchange and customs regulations, as well as laws and other bylaws of the Republic of Croatia and other countries through which they pass.<\/p><p><strong>COMPLAINTS<br \/><\/strong>The guest is obliged to submit a written complaint no later than 3 days after check-out from the Hotel. If the guest files a written complaint after that deadline, Izbor-Jandri\u0107 d.o.o is not obliged to take such a complaint into account.<\/p><p>While the complaint procedure of the guest lasts, the guest irrevocably waives the mediation of any other person, arbitration of any other institution, initiating court proceedings, as well as providing information in the media or reviews on online portals.<\/p><p>The amount of the fee upon the guest's complaint may reach the maximum amount of the advertised part of the services, and may not include already used services, as well as the entire amount of the arrangement. Guest and Izbor-Jandri\u0107 d.o.o. will try to resolve disputes amicably, otherwise they agree on the jurisdiction of the court according to the seat of Izbor-Jandri\u0107 d.o.o. The law of the Republic of Croatia is determined as the applicable law.<\/p><p>It is in the guest's interest to try to resolve all complaints immediately at the Hotel, at the hotel reception. In addition to the above, the guest may file a complaint to: <a href=\"mailto:info@plitvice-village.hr\">info@plitvice-village.hr<\/a> you will receive an acknowledgment of receipt of the complaint.<\/p><p>It is in the guest's interest to try to resolve all complaints immediately at the Hotel, at the hotel reception. In addition to the above, the guest may file a complaint to: <a href=\"mailto:info@plitvice-village.hr\">info@plitvice-village.hr<\/a> you will receive an acknowledgment of receipt of the complaint.<\/p><p><strong>GUEST OBLIGATIONS<br \/><\/strong>The guest is obliged to follow the house rules in the Hotel. The guest is responsible to Izbor-Jandri\u0107 d.o.o. and its guests, employees and visitors for the damage caused by the guest, and especially for the damage caused by non-compliance with the contract and these general conditions. The damage caused by the guest will be borne immediately at the reception upon check-out.<\/p><p><strong>ADDITIONAL SERVICES<br \/><\/strong>Izbor-Jandri\u0107 d.o.o mo\u017ee omogu\u0107iti gostima kori\u0161tenje dodatnih usluga. Pla\u0107anje dodatnih usluga vr\u0161i se po ugovoru s Izbor-Jandri\u0107 d.o.o ili va\u017ee\u0107em cjeniku. Izbor-Jandri\u0107 d.o.o ne preuzima odgovornost za usluge pru\u017eene putem drugih pru\u017eatelja usluga. Ako gost \u017eeli koristiti dodatne usluge, potrebno je unaprijed javiti na recepciji ili prilikom rezervacije. Dodatne usluge uklju\u010duju, ali se ne ograni\u010davaju na sljede\u0107e.<\/p><p><strong>COOKIE POLICY<br \/><\/strong>Please find all details about data protection at the link:<br \/><a href=\"https:\/\/plitvice-village.hr\/en\/privacy-policy\/\">Privacy Policy<\/a><\/p><p><strong>FINAL PROVISIONS<br \/><\/strong>Ovi uvjeti su doneseni i objavljeni dana 01.12.2021. godine i vrijeme za sve ugovore o smje\u0161taju sklopljene nakon dana njihove objave.<\/p><p>For all additional questions contact Izbor-Jandri\u0107 d.o.o. on\u00a0<a href=\"mailto:info@plitvice-village.hr\">info@plitvice-village.hr<\/a><\/p>\t\t\t\t\t\t\t\t<\/div>\n\t\t\t\t<\/div>\n\t\t\t\t\t<\/div>\n\t\t<\/div>\n\t\t\t\t\t<\/div>\n\t\t<\/section>\n\t\t\t\t<\/div>","protected":false},"excerpt":{"rendered":"<p>Ovi op\u0107i uvjeti rezervacije smje\u0161taja u Integralni hotel Plitvice Village (dalje u tekstu: Hotel) i naplate (nadalje u tekstu: Op\u0107i uvjeti) sastavni su dio ugovora o pru\u017eanju usluga smje\u0161taja koji sklapa s Izbor-Jandri\u0107 d.o.o. rezervacijom smje\u0161taja u Integralni hotel Plitvice Village u Korenici, Republika Hrvatska te ih gost rezervacijom smje\u0161taja prihva\u0107a u cijelosti. REZERVACIJA SMJE\u0160TAJASmje\u0161taj [&hellip;]<\/p>","protected":false},"author":3,"featured_media":0,"parent":0,"menu_order":7,"comment_status":"closed","ping_status":"closed","template":"template-page-full-width.php","meta":{"_acf_changed":false,"tpgb_global_settings":"","inline_featured_image":false,"footnotes":""},"class_list":["post-2107","page","type-page","status-publish","hentry"],"acf":[],"yoast_head":"<!-- This site is optimized with the Yoast SEO Premium plugin v24.7 (Yoast SEO v26.4) - https:\/\/yoast.com\/wordpress\/plugins\/seo\/ -->\n<title>Op\u0107i uvjeti rezervacije smje\u0161taja i naplate - Integralni hotel Plitvice Village<\/title>\n<meta name=\"robots\" content=\"index, follow, max-snippet:-1, max-image-preview:large, max-video-preview:-1\" \/>\n<link rel=\"canonical\" href=\"https:\/\/plitvice-village.hr\/en\/opci-uvjeti-rezervacije-smjestaja-i-naplate\/\" \/>\n<meta property=\"og:locale\" content=\"en_US\" \/>\n<meta property=\"og:type\" content=\"article\" \/>\n<meta property=\"og:title\" content=\"Op\u0107i uvjeti rezervacije smje\u0161taja i naplate\" \/>\n<meta property=\"og:description\" content=\"Ovi op\u0107i uvjeti rezervacije smje\u0161taja u Integralni hotel Plitvice Village (dalje u tekstu: Hotel) i naplate (nadalje u tekstu: Op\u0107i uvjeti) sastavni su dio ugovora o pru\u017eanju usluga smje\u0161taja koji sklapa s Izbor-Jandri\u0107 d.o.o. rezervacijom smje\u0161taja u Integralni hotel Plitvice Village u Korenici, Republika Hrvatska te ih gost rezervacijom smje\u0161taja prihva\u0107a u cijelosti. REZERVACIJA SMJE\u0160TAJASmje\u0161taj [&hellip;]\" \/>\n<meta property=\"og:url\" content=\"https:\/\/plitvice-village.hr\/en\/opci-uvjeti-rezervacije-smjestaja-i-naplate\/\" \/>\n<meta property=\"og:site_name\" content=\"Integralni hotel Plitvice Village\" \/>\n<meta property=\"article:publisher\" content=\"https:\/\/www.facebook.com\/Plitvice-Village-111103528060638\/\" \/>\n<meta property=\"article:modified_time\" content=\"2024-05-04T06:45:57+00:00\" \/>\n<meta name=\"twitter:card\" content=\"summary_large_image\" \/>\n<meta name=\"twitter:label1\" content=\"Est. reading time\" \/>\n\t<meta name=\"twitter:data1\" content=\"7 minutes\" \/>\n<script type=\"application\/ld+json\" class=\"yoast-schema-graph\">{\"@context\":\"https:\/\/schema.org\",\"@graph\":[{\"@type\":\"WebPage\",\"@id\":\"https:\/\/plitvice-village.hr\/en\/opci-uvjeti-rezervacije-smjestaja-i-naplate\/\",\"url\":\"https:\/\/plitvice-village.hr\/en\/opci-uvjeti-rezervacije-smjestaja-i-naplate\/\",\"name\":\"Op\u0107i uvjeti rezervacije smje\u0161taja i naplate - Integralni hotel Plitvice Village\",\"isPartOf\":{\"@id\":\"https:\/\/plitvice-village.hr\/#website\"},\"datePublished\":\"2022-03-11T11:46:30+00:00\",\"dateModified\":\"2024-05-04T06:45:57+00:00\",\"breadcrumb\":{\"@id\":\"https:\/\/plitvice-village.hr\/en\/opci-uvjeti-rezervacije-smjestaja-i-naplate\/#breadcrumb\"},\"inLanguage\":\"en-US\",\"potentialAction\":[{\"@type\":\"ReadAction\",\"target\":[\"https:\/\/plitvice-village.hr\/en\/opci-uvjeti-rezervacije-smjestaja-i-naplate\/\"]}]},{\"@type\":\"BreadcrumbList\",\"@id\":\"https:\/\/plitvice-village.hr\/en\/opci-uvjeti-rezervacije-smjestaja-i-naplate\/#breadcrumb\",\"itemListElement\":[{\"@type\":\"ListItem\",\"position\":1,\"name\":\"Po\u010detna stranica\",\"item\":\"https:\/\/plitvice-village.hr\/\"},{\"@type\":\"ListItem\",\"position\":2,\"name\":\"Op\u0107i uvjeti rezervacije smje\u0161taja i naplate\"}]},{\"@type\":\"WebSite\",\"@id\":\"https:\/\/plitvice-village.hr\/#website\",\"url\":\"https:\/\/plitvice-village.hr\/\",\"name\":\"Integralni hotel Plitvice Village\",\"description\":\"Prepusti se zelenilu\",\"publisher\":{\"@id\":\"https:\/\/plitvice-village.hr\/#organization\"},\"potentialAction\":[{\"@type\":\"SearchAction\",\"target\":{\"@type\":\"EntryPoint\",\"urlTemplate\":\"https:\/\/plitvice-village.hr\/?s={search_term_string}\"},\"query-input\":{\"@type\":\"PropertyValueSpecification\",\"valueRequired\":true,\"valueName\":\"search_term_string\"}}],\"inLanguage\":\"en-US\"},{\"@type\":\"Organization\",\"@id\":\"https:\/\/plitvice-village.hr\/#organization\",\"name\":\"Plitvice Village\",\"url\":\"https:\/\/plitvice-village.hr\/\",\"logo\":{\"@type\":\"ImageObject\",\"inLanguage\":\"en-US\",\"@id\":\"https:\/\/plitvice-village.hr\/#\/schema\/logo\/image\/\",\"url\":\"https:\/\/plitvice-village.hr\/wp-content\/uploads\/2022\/02\/Untitled-1.png\",\"contentUrl\":\"https:\/\/plitvice-village.hr\/wp-content\/uploads\/2022\/02\/Untitled-1.png\",\"width\":400,\"height\":133,\"caption\":\"Plitvice Village\"},\"image\":{\"@id\":\"https:\/\/plitvice-village.hr\/#\/schema\/logo\/image\/\"},\"sameAs\":[\"https:\/\/www.facebook.com\/Plitvice-Village-111103528060638\/\",\"https:\/\/www.instagram.com\/plitvicevillage\/\"]}]}<\/script>\n<!-- \/ Yoast SEO Premium plugin. -->","yoast_head_json":{"title":"Op\u0107i uvjeti rezervacije smje\u0161taja i naplate - Integralni hotel Plitvice Village","robots":{"index":"index","follow":"follow","max-snippet":"max-snippet:-1","max-image-preview":"max-image-preview:large","max-video-preview":"max-video-preview:-1"},"canonical":"https:\/\/plitvice-village.hr\/en\/opci-uvjeti-rezervacije-smjestaja-i-naplate\/","og_locale":"en_US","og_type":"article","og_title":"Op\u0107i uvjeti rezervacije smje\u0161taja i naplate","og_description":"Ovi op\u0107i uvjeti rezervacije smje\u0161taja u Integralni hotel Plitvice Village (dalje u tekstu: Hotel) i naplate (nadalje u tekstu: Op\u0107i uvjeti) sastavni su dio ugovora o pru\u017eanju usluga smje\u0161taja koji sklapa s Izbor-Jandri\u0107 d.o.o. rezervacijom smje\u0161taja u Integralni hotel Plitvice Village u Korenici, Republika Hrvatska te ih gost rezervacijom smje\u0161taja prihva\u0107a u cijelosti. REZERVACIJA SMJE\u0160TAJASmje\u0161taj [&hellip;]","og_url":"https:\/\/plitvice-village.hr\/en\/opci-uvjeti-rezervacije-smjestaja-i-naplate\/","og_site_name":"Integralni hotel Plitvice Village","article_publisher":"https:\/\/www.facebook.com\/Plitvice-Village-111103528060638\/","article_modified_time":"2024-05-04T06:45:57+00:00","twitter_card":"summary_large_image","twitter_misc":{"Est. reading time":"7 minutes"},"schema":{"@context":"https:\/\/schema.org","@graph":[{"@type":"WebPage","@id":"https:\/\/plitvice-village.hr\/en\/opci-uvjeti-rezervacije-smjestaja-i-naplate\/","url":"https:\/\/plitvice-village.hr\/en\/opci-uvjeti-rezervacije-smjestaja-i-naplate\/","name":"Op\u0107i uvjeti rezervacije smje\u0161taja i naplate - Integralni hotel Plitvice Village","isPartOf":{"@id":"https:\/\/plitvice-village.hr\/#website"},"datePublished":"2022-03-11T11:46:30+00:00","dateModified":"2024-05-04T06:45:57+00:00","breadcrumb":{"@id":"https:\/\/plitvice-village.hr\/en\/opci-uvjeti-rezervacije-smjestaja-i-naplate\/#breadcrumb"},"inLanguage":"en-US","potentialAction":[{"@type":"ReadAction","target":["https:\/\/plitvice-village.hr\/en\/opci-uvjeti-rezervacije-smjestaja-i-naplate\/"]}]},{"@type":"BreadcrumbList","@id":"https:\/\/plitvice-village.hr\/en\/opci-uvjeti-rezervacije-smjestaja-i-naplate\/#breadcrumb","itemListElement":[{"@type":"ListItem","position":1,"name":"Po\u010detna stranica","item":"https:\/\/plitvice-village.hr\/"},{"@type":"ListItem","position":2,"name":"Op\u0107i uvjeti rezervacije smje\u0161taja i naplate"}]},{"@type":"WebSite","@id":"https:\/\/plitvice-village.hr\/#website","url":"https:\/\/plitvice-village.hr\/","name":"Integralni hotel Plitvice Village","description":"Prepusti se zelenilu","publisher":{"@id":"https:\/\/plitvice-village.hr\/#organization"},"potentialAction":[{"@type":"SearchAction","target":{"@type":"EntryPoint","urlTemplate":"https:\/\/plitvice-village.hr\/?s={search_term_string}"},"query-input":{"@type":"PropertyValueSpecification","valueRequired":true,"valueName":"search_term_string"}}],"inLanguage":"en-US"},{"@type":"Organization","@id":"https:\/\/plitvice-village.hr\/#organization","name":"Plitvice Village","url":"https:\/\/plitvice-village.hr\/","logo":{"@type":"ImageObject","inLanguage":"en-US","@id":"https:\/\/plitvice-village.hr\/#\/schema\/logo\/image\/","url":"https:\/\/plitvice-village.hr\/wp-content\/uploads\/2022\/02\/Untitled-1.png","contentUrl":"https:\/\/plitvice-village.hr\/wp-content\/uploads\/2022\/02\/Untitled-1.png","width":400,"height":133,"caption":"Plitvice Village"},"image":{"@id":"https:\/\/plitvice-village.hr\/#\/schema\/logo\/image\/"},"sameAs":["https:\/\/www.facebook.com\/Plitvice-Village-111103528060638\/","https:\/\/www.instagram.com\/plitvicevillage\/"]}]}},"tpgb_featured_images":null,"tpgb_post_meta_info":{"get_date":"March 11, 2022","get_modified_date":"May 4, 2024","author_name":"ITPodrska","author_url":"https:\/\/plitvice-village.hr\/en\/author\/ITPodrska\/","author_email":"zlatan.crepinko@gmail.com","author_website":"","author_description":"","author_facebook":"","author_twitter":"","author_instagram":"","author_role":["administrator"],"author_firstname":"","author_lastname":"","user_login":"ITPodrska","author_avatar":"<img alt='' src='https:\/\/secure.gravatar.com\/avatar\/ce7cef0a5e90f6c3fd7f424b7d9139ec786b60a29cd6c0080b1a3b777f99be4a?s=200&#038;d=mm&#038;r=g' srcset='https:\/\/secure.gravatar.com\/avatar\/ce7cef0a5e90f6c3fd7f424b7d9139ec786b60a29cd6c0080b1a3b777f99be4a?s=400&#038;d=mm&#038;r=g 2x' class='avatar avatar-200 photo' height='200' width='200' decoding='async'\/>","author_avatar_url":"https:\/\/secure.gravatar.com\/avatar\/ce7cef0a5e90f6c3fd7f424b7d9139ec786b60a29cd6c0080b1a3b777f99be4a?s=96&d=mm&r=g","comment_count":0,"post_likes":0,"post_views":0},"tpgb_post_category":[],"_links":{"self":[{"href":"https:\/\/plitvice-village.hr\/en\/wp-json\/wp\/v2\/pages\/2107","targetHints":{"allow":["GET"]}}],"collection":[{"href":"https:\/\/plitvice-village.hr\/en\/wp-json\/wp\/v2\/pages"}],"about":[{"href":"https:\/\/plitvice-village.hr\/en\/wp-json\/wp\/v2\/types\/page"}],"author":[{"embeddable":true,"href":"https:\/\/plitvice-village.hr\/en\/wp-json\/wp\/v2\/users\/3"}],"replies":[{"embeddable":true,"href":"https:\/\/plitvice-village.hr\/en\/wp-json\/wp\/v2\/comments?post=2107"}],"version-history":[{"count":1,"href":"https:\/\/plitvice-village.hr\/en\/wp-json\/wp\/v2\/pages\/2107\/revisions"}],"predecessor-version":[{"id":2810,"href":"https:\/\/plitvice-village.hr\/en\/wp-json\/wp\/v2\/pages\/2107\/revisions\/2810"}],"wp:attachment":[{"href":"https:\/\/plitvice-village.hr\/en\/wp-json\/wp\/v2\/media?parent=2107"}],"curies":[{"name":"wp","href":"https:\/\/api.w.org\/{rel}","templated":true}]}}